{"id":998,"date":"2023-06-16T12:17:53","date_gmt":"2023-06-16T12:17:53","guid":{"rendered":"http:\/\/iberperatrans.com\/accessibilitat\/"},"modified":"2025-03-20T19:02:00","modified_gmt":"2025-03-20T19:02:00","slug":"accessibilitat","status":"publish","type":"page","link":"https:\/\/iberperatrans.com\/ca\/accessibilitat\/","title":{"rendered":"Accessibilitat"},"content":{"rendered":"<h1>ACCESSIBILITAT<\/h1>\n<h2>Declaraci\u00f3 d&#8217;accessibilitat <b>www.iberperatrans.com<\/b><br \/><\/h2>\n<h3>Situaci\u00f3 del compliment<\/h3>\n<p><b>Iberpera Trans SL<\/b> s&#8217;ha comprom\u00e8s a fer accessibles el vostre lloc web de conformitat amb el <b>Reial Decret 1112\/2018, de 7 de setembre, sobre accessibilitat dels llocs web i aplicacions per a dispositius m\u00f2bils del sector p\u00fablic.<\/b><\/p>\n<p>Aquest lloc web aplica els requisits de la Norma UNE-EN 301549:2019, considerant les excepcions del RD 1112\/2018.<\/p>\n<p>El lloc web est\u00e0 dissenyat per a la seva visualitzaci\u00f3 Responsive, de manera que es visualitza de forma \u00f2ptima en els dispositius tablet i m\u00f2bils. En aquests dispositius est\u00e0 optimitzat per visualitzar-lo en les \u00faltimes versions vigents de Chrome for mobile, Firefox for mobile, Safari mobile, Opera Mini i navegador nadiu d&#8217;Android.<\/p>\n<p>La darrera revisi\u00f3 de l&#8217;accessibilitat s&#8217;ha fet l&#8217;abril del 2023.<\/p>\n<p>Aquesta declaraci\u00f3 d&#8217;accessibilitat s&#8217;aplica al lloc web gestionat per <b>Iberpera Trans.<\/b><\/p>\n<p>El lloc web d&#8217; <b>Iberpera Trans<\/b> \u00e9s parcialment conforme amb el RD 1112\/2018 a causa de les excepcions i la manca de conformitat dels aspectes que s&#8217;indiquen a continuaci\u00f3.<\/p>\n<h3>Contingut no accessible<\/h3>\n<p>Manca de conformitat amb el RD 1112\/2018<\/p>\n<p>El contingut que es recull a continuaci\u00f3 no \u00e9s accessible pel seg\u00fcent (totes q\u00fcestions en revisi\u00f3 que seran millorades en successives versions dels portals):<\/p>\n<ul>\n<li style=\"font-weight: 400;\" aria-level=\"1\">Alguns formularis no tenen associats els elements de manera adequada, per\u00f2 es revisar\u00e0.<\/li>\n<li style=\"font-weight: 400;\" aria-level=\"1\">En algunes p\u00e0gines hi ha problemes en lordre de lectura i tabulaci\u00f3.<\/li>\n<li style=\"font-weight: 400;\" aria-level=\"1\">Pendent d&#8217;indicar el canvi d&#8217;idioma a l&#8217;enlla\u00e7 d&#8217;English a la versi\u00f3 m\u00f2bil.<\/li>\n<\/ul>\n<h3>Preparaci\u00f3 d&#8217;aquesta declaraci\u00f3 d&#8217;accessibilitat<\/h3>\n<p>Aquesta declaraci\u00f3 va ser preparada el <b>15 de juny de 2023<\/b> .<\/p>\n<p>El m\u00e8tode emprat per preparar la declaraci\u00f3 ha estat una autoavaluaci\u00f3 duta a terme per la pr\u00f2pia empresa.<\/p>\n<p>\u00daltima revisi\u00f3 de la declaraci\u00f3: 16 de juny de 2023.<\/p>\n<h3>Observacions i dades de contacte<\/h3>\n<p>Podeu realitzar comunicacions sobre requisits d&#8217;accessibilitat (article 10.2.a) del RD 1112\/2018, com ara:<\/p>\n<ul>\n<li style=\"font-weight: 400;\" aria-level=\"1\">Informar sobre qualsevol possible incompliment per part daquest lloc web.<\/li>\n<li style=\"font-weight: 400;\" aria-level=\"1\">Transmetre altres dificultats dacc\u00e9s al contingut.<\/li>\n<li aria-level=\"1\">Formular qualsevol altra consulta o suggeriment de millora relativa a l&#8217;accessibilitat del lloc web a trav\u00e9s del correu <b>info@iberperatrans.com<\/b> o trucant al tel\u00e8fon <strong>607644040\/607645858<\/strong><\/li>\n<li aria-level=\"1\">Podeu presentar:<\/li>\n<\/ul>\n<ul>\n<li style=\"font-weight: 400;\" aria-level=\"1\">Una queixa relativa al compliment dels requisits del RD 1112\/2018.<\/li>\n<li style=\"font-weight: 400;\" aria-level=\"1\">Una sol\u00b7licitud d&#8217;informaci\u00f3 accessible relativa a:\n<ol>\n<li style=\"font-weight: 400;\" aria-level=\"2\">Continguts que estan exclosos de l\u00e0mbit daplicaci\u00f3 del <b><i>RD 1112\/2018<\/i><\/b> segons el que estableix larticle 3, apartat 4.<\/li>\n<li style=\"font-weight: 400;\" aria-level=\"2\">Continguts que estan exempts del compliment dels requisits daccessibilitat per imposar una c\u00e0rrega desproporcionada.<\/li>\n<\/ol>\n<\/li>\n<\/ul>\n<p>A la sol\u00b7licitud d&#8217;informaci\u00f3 accessible, cal concretar, amb tota claredat, els fets, les raons i la petici\u00f3 que permetin constatar que es tracta d&#8217;una sol\u00b7licitud raonable i leg\u00edtima.<\/p>\n<p>Les comunicacions, les queixes i les sol\u00b7licituds d&#8217;informaci\u00f3 accessibles seran rebudes i tractades per INCIBE a trav\u00e9s del <a style=\"color: #000000;\" href=\"https:\/comercial-seyma.es\/contacto\/\" data-wplink-url-error=\"true\">Formulari de contacte (Assumpte: \u201cAccessibilitat de les webs\u201d)<\/a> . Si una vegada realitzada una sol\u00b7licitud d&#8217;informaci\u00f3 accessible o queixa, aquesta ha estat desestimada, no s&#8217;estigu\u00e9s d&#8217;acord amb la decisi\u00f3 adoptada, o la resposta no compl\u00eds els requisits que preveu l&#8217;article 12.5, la persona interessada pot iniciar una reclamaci\u00f3.<\/p>\n<p>Igualment es podr\u00e0 iniciar una reclamaci\u00f3 en cas que hagi transcorregut el termini de vint dies h\u00e0bils sense haver obtingut resposta. La reclamaci\u00f3 pot ser presentada a trav\u00e9s de la Inst\u00e0ncia Gen\u00e8rica de la seu electr\u00f2nica del Ministeri d&#8217;Afers Econ\u00f2mics i Transformaci\u00f3 Digital, aix\u00ed com a la resta d&#8217;opcions recollides a la Llei 39\/2015, d&#8217;1 d&#8217;octubre, del Procediment Administratiu Com\u00fa de les Administracions p\u00fabliques. Les reclamacions seran rebudes i tractades per la Subdirecci\u00f3 General dInspecci\u00f3 de Serveis del Ministeri.<\/p>\n<h3>Contingut opcional<\/h3>\n<p>Aquest lloc web:<\/p>\n<ul>\n<li style=\"font-weight: 400;\" aria-level=\"1\">S&#8217;ha dissenyat adaptant-se als est\u00e0ndards i normatives vigents en relaci\u00f3 a l&#8217;accessibilitat, complint amb els punts de verificaci\u00f3 de prioritat 2 (AA) definits a l&#8217;especificaci\u00f3 de Pautes d&#8217;Accessibilitat al Contingut al Web (WCAG 2.1)<\/li>\n<li style=\"font-weight: 400;\" aria-level=\"1\">Est\u00e0 optimitzat per a les darreres versions vigents de Chrome, Edge, Firefox, Safari i Opera.<\/li>\n<li style=\"font-weight: 400;\" aria-level=\"1\">Est\u00e0 dissenyat per a la correcta visualitzaci\u00f3 en qualsevol resoluci\u00f3 i dispositiu d&#8217;escriptori, tauletes o m\u00f2bils (disseny <i>responsive<\/i> ).<\/li>\n<li style=\"font-weight: 400;\" aria-level=\"1\">S&#8217;ha realitzat utilitzant HTML5 com a llenguatge de marcatge i fulls d&#8217;estil CSS pel disseny.<\/li>\n<\/ul>\n<p>A m\u00e9s, es fa un treball continu d&#8217;auditoria i revisi\u00f3 de continguts per facilitar-ne la interpretaci\u00f3 i millorar la navegaci\u00f3 pel portal web.<\/p>\n<link rel=\"stylesheet\" href=\"https:\/\/iberperatrans.com\/wp-content\/uploads\/elementor\/css\/custom-widget-icon-box.min.css?ver=1698233900\">\n\t\t\t\t<a href=\"https:\/\/iberperatrans.com\/contacto\/\" target=\"_blank\" tabindex=\"-1\" rel=\"noopener\"><br \/>\n\t\t\t\t<svg aria-hidden=\"true\" viewbox=\"0 0 512 512\" xmlns=\"http:\/\/www.w3.org\/2000\/svg\"><path d=\"M464 64H48C21.49 64 0 85.49 0 112v288c0 26.51 21.49 48 48 48h416c26.51 0 48-21.49 48-48V112c0-26.51-21.49-48-48-48zm0 48v40.805c-22.422 18.259-58.168 46.651-134.587 106.49-16.841 13.247-50.201 45.072-73.413 44.701-23.208.375-56.579-31.459-73.413-44.701C106.18 199.465 70.425 171.067 48 152.805V112h416zM48 400V214.398c22.914 18.251 55.409 43.862 104.938 82.646 21.857 17.205 60.134 55.186 103.062 54.955 42.717.231 80.509-37.199 103.053-54.947 49.528-38.783 82.032-64.401 104.947-82.653V400H48z\"><\/path><\/svg>\t\t\t\t<\/a><\/p>\n<h4>\n\t\t\t\t\t<a href=\"https:\/\/iberperatrans.com\/contacto\/\" target=\"_blank\" rel=\"noopener\"><br \/>\n  info@iberperatrans.com  <\/a><br \/>\n\t\t\t\t<\/h4>\n<p>\t\t\t\t<a href=\"https:\/\/iberperatrans.com\/contacto\/\" target=\"_blank\" tabindex=\"-1\" rel=\"noopener\"><br \/>\n\t\t\t\t<svg aria-hidden=\"true\" viewbox=\"0 0 384 512\" xmlns=\"http:\/\/www.w3.org\/2000\/svg\"><path d=\"M172.268 501.67C26.97 291.031 0 269.413 0 192 0 85.961 85.961 0 192 0s192 85.961 192 192c0 77.413-26.97 99.031-172.268 309.67-9.535 13.774-29.93 13.773-39.464 0zM192 272c44.183 0 80-35.817 80-80s-35.817-80-80-80-80 35.817-80 80 35.817 80 80 80z\"><\/path><\/svg>\t\t\t\t<\/a><\/p>\n<h4>\n\t\t\t\t\t<a href=\"https:\/\/iberperatrans.com\/contacto\/\" target=\"_blank\" rel=\"noopener\"><br \/>\n  Carrer Salvador Espriu 21, Canet de Mar (Barcelona)  <\/a><br \/>\n\t\t\t\t<\/h4>\n<p>\t\t\t\t<a href=\"https:\/\/iberperatrans.com\/contacto\/\" target=\"_blank\" tabindex=\"-1\" rel=\"noopener\"><br \/>\n\t\t\t\t<svg aria-hidden=\"true\" viewbox=\"0 0 512 512\" xmlns=\"http:\/\/www.w3.org\/2000\/svg\"><path d=\"M497.39 361.8l-112-48a24 24 0 0 0-28 6.9l-49.6 60.6A370.66 370.66 0 0 1 130.6 204.11l60.6-49.6a23.94 23.94 0 0 0 6.9-28l-48-112A24.16 24.16 0 0 0 122.6.61l-104 24A24 24 0 0 0 0 48c0 256.5 207.9 464 464 464a24 24 0 0 0 23.4-18.6l24-104a24.29 24.29 0 0 0-14.01-27.6z\"><\/path><\/svg>\t\t\t\t<\/a><\/p>\n<h4>\n\t\t\t\t\t<a href=\"https:\/\/iberperatrans.com\/contacto\/\" target=\"_blank\" rel=\"noopener\"><br \/>\n  607644040 \/ 607645858  <\/a><br \/>\n\t\t\t\t<\/h4>\n<h6 style=\"color: #000000; text-align:center\">COPYRIGHT \u00a9 2023 IBERPERA TRANS SL <strong>|<\/strong> TOTS ELS DRETS RESERVATS <strong>|<\/strong> CREAT PER <a style=\"color: #830000;\" title=\"Infoser Sistemes\" href=\"https:\/\/www.infoser.net\/\" target=\"_blank\" rel=\"noopener\"><strong>INFOSSER<\/strong><\/a><\/h6>\n","protected":false},"excerpt":{"rendered":"<p>ACCESSIBILITAT Declaraci\u00f3 d&#8217;accessibilitat www.iberperatrans.com Situaci\u00f3 del compliment Iberpera Trans SL s&#8217;ha comprom\u00e8s a fer accessibles el vostre lloc web de conformitat amb el Reial Decret 1112\/2018, de 7 de setembre, sobre accessibilitat dels llocs web i aplicacions per a dispositius m\u00f2bils del sector p\u00fablic. Aquest lloc web aplica els requisits de la Norma UNE-EN 301549:2019, [&hellip;]<\/p>\n","protected":false},"author":1,"featured_media":0,"parent":0,"menu_order":0,"comment_status":"closed","ping_status":"closed","template":"","meta":{"site-sidebar-layout":"no-sidebar","site-content-layout":"page-builder","ast-site-content-layout":"full-width-container","site-content-style":"unboxed","site-sidebar-style":"unboxed","ast-global-header-display":"","ast-banner-title-visibility":"","ast-main-header-display":"","ast-hfb-above-header-display":"","ast-hfb-below-header-display":"","ast-hfb-mobile-header-display":"","site-post-title":"disabled","ast-breadcrumbs-content":"","ast-featured-img":"disabled","footer-sml-layout":"","theme-transparent-header-meta":"","adv-header-id-meta":"","stick-header-meta":"","header-above-stick-meta":"","header-main-stick-meta":"","header-below-stick-meta":"","astra-migrate-meta-layouts":"default","ast-page-background-enabled":"default","ast-page-background-meta":{"desktop":{"background-color":"var(--ast-global-color-4)","background-image":"","background-repeat":"repeat","background-position":"center center","background-size":"auto","background-attachment":"scroll","background-type":"","background-media":"","overlay-type":"","overlay-color":"","overlay-gradient":""},"tablet":{"background-color":"","background-image":"","background-repeat":"repeat","background-position":"center center","background-size":"auto","background-attachment":"scroll","background-type":"","background-media":"","overlay-type":"","overlay-color":"","overlay-gradient":""},"mobile":{"background-color":"","background-image":"","background-repeat":"repeat","background-position":"center center","background-size":"auto","background-attachment":"scroll","background-type":"","background-media":"","overlay-type":"","overlay-color":"","overlay-gradient":""}},"ast-content-background-meta":{"desktop":{"background-color":"var(--ast-global-color-5)","background-image":"","background-repeat":"repeat","background-position":"center center","background-size":"auto","background-attachment":"scroll","background-type":"","background-media":"","overlay-type":"","overlay-color":"","overlay-gradient":""},"tablet":{"background-color":"var(--ast-global-color-5)","background-image":"","background-repeat":"repeat","background-position":"center center","background-size":"auto","background-attachment":"scroll","background-type":"","background-media":"","overlay-type":"","overlay-color":"","overlay-gradient":""},"mobile":{"background-color":"var(--ast-global-color-5)","background-image":"","background-repeat":"repeat","background-position":"center center","background-size":"auto","background-attachment":"scroll","background-type":"","background-media":"","overlay-type":"","overlay-color":"","overlay-gradient":""}},"footnotes":""},"class_list":["post-998","page","type-page","status-publish","hentry"],"_links":{"self":[{"href":"https:\/\/iberperatrans.com\/ca\/wp-json\/wp\/v2\/pages\/998"}],"collection":[{"href":"https:\/\/iberperatrans.com\/ca\/wp-json\/wp\/v2\/pages"}],"about":[{"href":"https:\/\/iberperatrans.com\/ca\/wp-json\/wp\/v2\/types\/page"}],"author":[{"embeddable":true,"href":"https:\/\/iberperatrans.com\/ca\/wp-json\/wp\/v2\/users\/1"}],"replies":[{"embeddable":true,"href":"https:\/\/iberperatrans.com\/ca\/wp-json\/wp\/v2\/comments?post=998"}],"version-history":[{"count":0,"href":"https:\/\/iberperatrans.com\/ca\/wp-json\/wp\/v2\/pages\/998\/revisions"}],"wp:attachment":[{"href":"https:\/\/iberperatrans.com\/ca\/wp-json\/wp\/v2\/media?parent=998"}],"curies":[{"name":"wp","href":"https:\/\/api.w.org\/{rel}","templated":true}]}}